{"id":18603,"date":"2026-04-07T12:52:22","date_gmt":"2026-04-07T18:52:22","guid":{"rendered":"https:\/\/casa.oaxaca.gob.mx\/?page_id=18603"},"modified":"2026-04-07T12:53:52","modified_gmt":"2026-04-07T18:53:52","slug":"talleres-2","status":"publish","type":"page","link":"https:\/\/casa.oaxaca.gob.mx\/?page_id=18603","title":{"rendered":"Talleres CASA-UNAM"},"content":{"rendered":"<\/div><\/div><\/div><!-- close content main div --><\/div><\/div><div id='av_section_1' class='avia-section main_color avia-section-default avia-no-shadow av-parallax-section avia-bg-style-parallax  av-minimum-height av-minimum-height-50 container_wrap fullsize'  data-section-bg-repeat='no-repeat' ><div class='av-parallax' data-avia-parallax-ratio='0.3' ><div class='av-parallax-inner main_color  avia-full-stretch' style = 'background-repeat: no-repeat; background-image: url(https:\/\/casa.oaxaca.gob.mx\/wp-content\/uploads\/2025\/06\/Cartelera-junio-1.jpg); background-attachment: scroll; background-position: center center; ' ><\/div><\/div><div class='container' ><div class='template-page content  av-content-full alpha units'><div class='post-entry post-entry-type-page post-entry-18603'><div class='entry-content-wrapper clearfix'>\n<\/div><\/div><\/div><!-- close content main div --><\/div><\/div><div id='av-layout-grid-1' class='av-layout-grid-container entry-content-wrapper main_color av-flex-cells  container_wrap fullsize'   >\n<div class=\"flex_cell no_margin av_one_full   \" style='vertical-align:top; padding:30px; background-color:#ed9600; '><div class='flex_cell_inner' ><div style='padding-bottom:10px;color:#ffffff;font-size:45px;' class='av-special-heading av-special-heading-h3 custom-color-heading blockquote modern-quote modern-centered  av-inherit-size'><h3 class='av-special-heading-tag'  itemprop=\"headline\"  >ACTIVIDADES ACAD\u00c9MICAS CASA-UNAM<\/h3><div class ='av-subheading av-subheading_below av_custom_color' style='font-size:20px;'><p>Actividades realizadas en el marco de la colaboraci\u00f3n que celebran el Instituto de Investigaci\u00f3n Est\u00e9ticas (IIE) de la Universidad Nacional Aut\u00f3noma de M\u00e9xico (UNAM) y el Centro de las Artes de San Agust\u00edn (CaSa)<\/p>\n<\/div><div class='special-heading-border'><div class='special-heading-inner-border' style='border-color:#ffffff'><\/div><\/div><\/div>\n<\/div><\/div><\/div><div  data-autoplay=''  data-interval='5'  data-animation='fade'  data-show_slide_delay='90'  class='avia-content-slider avia-content-grid-active avia-content-slider1 avia-content-slider-odd '  itemscope=\"itemscope\" itemtype=\"https:\/\/schema.org\/Blog\" ><div class='avia-content-slider-inner'><div class='slide-entry-wrap'><article class='slide-entry flex_column  post-entry post-entry-18582 slide-entry-overview slide-loop-1 slide-parity-odd  av_one_third first real-thumbnail'  itemscope=\"itemscope\" itemtype=\"https:\/\/schema.org\/BlogPosting\" itemprop=\"blogPost\" ><a href='https:\/\/casa.oaxaca.gob.mx\/?p=18582' data-rel='slide-1' class='slide-image' title=''><img loading=\"lazy\" decoding=\"async\" width=\"495\" height=\"400\" src=\"https:\/\/casa.oaxaca.gob.mx\/wp-content\/uploads\/2026\/03\/Critica-de-arte-abierta-495x400.jpg\" class=\"attachment-portfolio size-portfolio wp-post-image\" alt=\"\" srcset=\"https:\/\/casa.oaxaca.gob.mx\/wp-content\/uploads\/2026\/03\/Critica-de-arte-abierta-495x400.jpg 495w, https:\/\/casa.oaxaca.gob.mx\/wp-content\/uploads\/2026\/03\/Critica-de-arte-abierta-845x684.jpg 845w\" sizes=\"auto, (max-width: 495px) 100vw, 495px\" \/><\/a><div class='slide-content'><header class=\"entry-content-header\"><h3 class='slide-entry-title entry-title'  itemprop=\"headline\" ><a href='https:\/\/casa.oaxaca.gob.mx\/?p=18582' title='Taller presencial. Cr\u00edtica de arte. Modelos modernos  y crisis de la cr\u00edtica. Imparte: Dr. Daniel Montero Fayad.'>Taller presencial. Cr\u00edtica de arte. Modelos modernos  y crisis de la cr\u00edtica. Imparte: Dr. Daniel Montero Fayad.<\/a><\/h3><span class=\"av-vertical-delimiter\"><\/span><\/header><\/div><footer class=\"entry-footer\"><\/footer><span class='hidden'>\n\t\t\t<span class='av-structured-data'  itemscope=\"itemscope\" itemtype=\"https:\/\/schema.org\/ImageObject\"  itemprop='image'>\n\t\t\t\t\t   <span itemprop='url' >https:\/\/casa.oaxaca.gob.mx\/wp-content\/uploads\/2026\/03\/Critica-de-arte-abierta.jpg<\/span>\n\t\t\t\t\t   <span itemprop='height' >1315<\/span>\n\t\t\t\t\t   <span itemprop='width' >1917<\/span>\n\t\t\t\t  <\/span><span class='av-structured-data'  itemprop=\"publisher\" itemtype=\"https:\/\/schema.org\/Organization\" itemscope=\"itemscope\" >\n\t\t\t\t<span itemprop='name'><\/span>\n\t\t\t\t<span itemprop='logo' itemscope itemtype='http:\/\/schema.org\/ImageObject'>\n\t\t\t\t   <span itemprop='url'>https:\/\/casa.oaxaca.gob.mx\/wp-content\/uploads\/2021\/03\/LOGO-CASA-01.png<\/span>\n\t\t\t\t <\/span>\n\t\t\t  <\/span><span class='av-structured-data'  itemprop=\"author\" itemscope=\"itemscope\" itemtype=\"https:\/\/schema.org\/Person\" ><span itemprop='name'><\/span><\/span><span class='av-structured-data'  itemprop=\"datePublished\" datetime=\"\" >2026-03-30 16:57:00<\/span><span class='av-structured-data'  itemprop=\"dateModified\" itemtype=\"https:\/\/schema.org\/dateModified\" >2026-04-07 12:48:15<\/span><span class='av-structured-data'  itemprop=\"mainEntityOfPage\" itemtype=\"https:\/\/schema.org\/mainEntityOfPage\" ><span itemprop='name'>Taller presencial. Cr\u00edtica de arte. Modelos modernos  y crisis de la cr\u00edtica. Imparte: Dr. Daniel Montero Fayad.<\/span><\/span><\/span><\/article><article class='slide-entry flex_column  post-entry post-entry-18579 slide-entry-overview slide-loop-2 slide-parity-even  av_one_third  real-thumbnail'  itemscope=\"itemscope\" itemtype=\"https:\/\/schema.org\/BlogPosting\" itemprop=\"blogPost\" ><a href='https:\/\/casa.oaxaca.gob.mx\/?p=18579' data-rel='slide-1' class='slide-image' title=''><img loading=\"lazy\" decoding=\"async\" width=\"495\" height=\"400\" src=\"https:\/\/casa.oaxaca.gob.mx\/wp-content\/uploads\/2026\/03\/Rayos-X-de-obras-de-arte-abierta-495x400.jpg\" class=\"attachment-portfolio size-portfolio wp-post-image\" alt=\"\" srcset=\"https:\/\/casa.oaxaca.gob.mx\/wp-content\/uploads\/2026\/03\/Rayos-X-de-obras-de-arte-abierta-495x400.jpg 495w, https:\/\/casa.oaxaca.gob.mx\/wp-content\/uploads\/2026\/03\/Rayos-X-de-obras-de-arte-abierta-845x684.jpg 845w\" sizes=\"auto, (max-width: 495px) 100vw, 495px\" \/><\/a><div class='slide-content'><header class=\"entry-content-header\"><h3 class='slide-entry-title entry-title'  itemprop=\"headline\" ><a href='https:\/\/casa.oaxaca.gob.mx\/?p=18579' title='Taller presencial. Rayos X de obras de arte: reutilizaci\u00f3n de lienzos, an\u00e1lisis del deterioro y procesos creativos. Imparte: Dra. Elsa Arroyo Lemus.'>Taller presencial. Rayos X de obras de arte: reutilizaci\u00f3n de lienzos, an\u00e1lisis del deterioro y procesos creativos. Imparte: Dra. Elsa Arroyo Lemus.<\/a><\/h3><span class=\"av-vertical-delimiter\"><\/span><\/header><\/div><footer class=\"entry-footer\"><\/footer><span class='hidden'>\n\t\t\t<span class='av-structured-data'  itemscope=\"itemscope\" itemtype=\"https:\/\/schema.org\/ImageObject\"  itemprop='image'>\n\t\t\t\t\t   <span itemprop='url' >https:\/\/casa.oaxaca.gob.mx\/wp-content\/uploads\/2026\/03\/Rayos-X-de-obras-de-arte-abierta.jpg<\/span>\n\t\t\t\t\t   <span itemprop='height' >1315<\/span>\n\t\t\t\t\t   <span itemprop='width' >1917<\/span>\n\t\t\t\t  <\/span><span class='av-structured-data'  itemprop=\"publisher\" itemtype=\"https:\/\/schema.org\/Organization\" itemscope=\"itemscope\" >\n\t\t\t\t<span itemprop='name'><\/span>\n\t\t\t\t<span itemprop='logo' itemscope itemtype='http:\/\/schema.org\/ImageObject'>\n\t\t\t\t   <span itemprop='url'>https:\/\/casa.oaxaca.gob.mx\/wp-content\/uploads\/2021\/03\/LOGO-CASA-01.png<\/span>\n\t\t\t\t <\/span>\n\t\t\t  <\/span><span class='av-structured-data'  itemprop=\"author\" itemscope=\"itemscope\" itemtype=\"https:\/\/schema.org\/Person\" ><span itemprop='name'><\/span><\/span><span class='av-structured-data'  itemprop=\"datePublished\" datetime=\"\" >2026-03-30 16:48:38<\/span><span class='av-structured-data'  itemprop=\"dateModified\" itemtype=\"https:\/\/schema.org\/dateModified\" >2026-04-07 12:48:15<\/span><span class='av-structured-data'  itemprop=\"mainEntityOfPage\" itemtype=\"https:\/\/schema.org\/mainEntityOfPage\" ><span itemprop='name'>Taller presencial. Rayos X de obras de arte: reutilizaci\u00f3n de lienzos, an\u00e1lisis del deterioro y procesos creativos. Imparte: Dra. Elsa Arroyo Lemus.<\/span><\/span><\/span><\/article><article class='slide-entry flex_column  post-entry post-entry-18576 slide-entry-overview slide-loop-3 slide-parity-odd  av_one_third  real-thumbnail'  itemscope=\"itemscope\" itemtype=\"https:\/\/schema.org\/BlogPosting\" itemprop=\"blogPost\" ><a href='https:\/\/casa.oaxaca.gob.mx\/?p=18576' data-rel='slide-1' class='slide-image' title=''><img loading=\"lazy\" decoding=\"async\" width=\"495\" height=\"400\" src=\"https:\/\/casa.oaxaca.gob.mx\/wp-content\/uploads\/2026\/03\/Curar-sin-receta-abierta-495x400.jpg\" class=\"attachment-portfolio size-portfolio wp-post-image\" alt=\"\" srcset=\"https:\/\/casa.oaxaca.gob.mx\/wp-content\/uploads\/2026\/03\/Curar-sin-receta-abierta-495x400.jpg 495w, https:\/\/casa.oaxaca.gob.mx\/wp-content\/uploads\/2026\/03\/Curar-sin-receta-abierta-845x684.jpg 845w\" sizes=\"auto, (max-width: 495px) 100vw, 495px\" \/><\/a><div class='slide-content'><header class=\"entry-content-header\"><h3 class='slide-entry-title entry-title'  itemprop=\"headline\" ><a href='https:\/\/casa.oaxaca.gob.mx\/?p=18576' title='Taller presencial. Curar sin receta. Imparte: Jaime Gonz\u00e1lez Sol\u00eds.'>Taller presencial. Curar sin receta. Imparte: Jaime Gonz\u00e1lez Sol\u00eds.<\/a><\/h3><span class=\"av-vertical-delimiter\"><\/span><\/header><\/div><footer class=\"entry-footer\"><\/footer><span class='hidden'>\n\t\t\t<span class='av-structured-data'  itemscope=\"itemscope\" itemtype=\"https:\/\/schema.org\/ImageObject\"  itemprop='image'>\n\t\t\t\t\t   <span itemprop='url' >https:\/\/casa.oaxaca.gob.mx\/wp-content\/uploads\/2026\/03\/Curar-sin-receta-abierta.jpg<\/span>\n\t\t\t\t\t   <span itemprop='height' >1315<\/span>\n\t\t\t\t\t   <span itemprop='width' >1917<\/span>\n\t\t\t\t  <\/span><span class='av-structured-data'  itemprop=\"publisher\" itemtype=\"https:\/\/schema.org\/Organization\" itemscope=\"itemscope\" >\n\t\t\t\t<span itemprop='name'><\/span>\n\t\t\t\t<span itemprop='logo' itemscope itemtype='http:\/\/schema.org\/ImageObject'>\n\t\t\t\t   <span itemprop='url'>https:\/\/casa.oaxaca.gob.mx\/wp-content\/uploads\/2021\/03\/LOGO-CASA-01.png<\/span>\n\t\t\t\t <\/span>\n\t\t\t  <\/span><span class='av-structured-data'  itemprop=\"author\" itemscope=\"itemscope\" itemtype=\"https:\/\/schema.org\/Person\" ><span itemprop='name'><\/span><\/span><span class='av-structured-data'  itemprop=\"datePublished\" datetime=\"\" >2026-03-30 12:56:23<\/span><span class='av-structured-data'  itemprop=\"dateModified\" itemtype=\"https:\/\/schema.org\/dateModified\" >2026-04-07 12:48:15<\/span><span class='av-structured-data'  itemprop=\"mainEntityOfPage\" itemtype=\"https:\/\/schema.org\/mainEntityOfPage\" ><span itemprop='name'>Taller presencial. Curar sin receta. Imparte: Jaime Gonz\u00e1lez Sol\u00eds.<\/span><\/span><\/span><\/article><\/div><div class='slide-entry-wrap'><article class='slide-entry flex_column  post-entry post-entry-18573 slide-entry-overview slide-loop-4 slide-parity-odd  av_one_third first real-thumbnail'  itemscope=\"itemscope\" itemtype=\"https:\/\/schema.org\/BlogPosting\" itemprop=\"blogPost\" ><a href='https:\/\/casa.oaxaca.gob.mx\/?p=18573' data-rel='slide-1' class='slide-image' title=''><img loading=\"lazy\" decoding=\"async\" width=\"495\" height=\"400\" src=\"https:\/\/casa.oaxaca.gob.mx\/wp-content\/uploads\/2026\/03\/Curaduria-sonora-y-archivos-aurales-abierta-495x400.jpg\" class=\"attachment-portfolio size-portfolio wp-post-image\" alt=\"\" srcset=\"https:\/\/casa.oaxaca.gob.mx\/wp-content\/uploads\/2026\/03\/Curaduria-sonora-y-archivos-aurales-abierta-495x400.jpg 495w, https:\/\/casa.oaxaca.gob.mx\/wp-content\/uploads\/2026\/03\/Curaduria-sonora-y-archivos-aurales-abierta-845x684.jpg 845w\" sizes=\"auto, (max-width: 495px) 100vw, 495px\" \/><\/a><div class='slide-content'><header class=\"entry-content-header\"><h3 class='slide-entry-title entry-title'  itemprop=\"headline\" ><a href='https:\/\/casa.oaxaca.gob.mx\/?p=18573' title='Taller presencial. Curadur\u00eda sonora y archivos aurales. Imparte: Guillermo Garc\u00eda P\u00e9rez.'>Taller presencial. Curadur\u00eda sonora y archivos aurales. Imparte: Guillermo Garc\u00eda P\u00e9rez.<\/a><\/h3><span class=\"av-vertical-delimiter\"><\/span><\/header><\/div><footer class=\"entry-footer\"><\/footer><span class='hidden'>\n\t\t\t<span class='av-structured-data'  itemscope=\"itemscope\" itemtype=\"https:\/\/schema.org\/ImageObject\"  itemprop='image'>\n\t\t\t\t\t   <span itemprop='url' >https:\/\/casa.oaxaca.gob.mx\/wp-content\/uploads\/2026\/03\/Curaduria-sonora-y-archivos-aurales-abierta.jpg<\/span>\n\t\t\t\t\t   <span itemprop='height' >1315<\/span>\n\t\t\t\t\t   <span itemprop='width' >1917<\/span>\n\t\t\t\t  <\/span><span class='av-structured-data'  itemprop=\"publisher\" itemtype=\"https:\/\/schema.org\/Organization\" itemscope=\"itemscope\" >\n\t\t\t\t<span itemprop='name'><\/span>\n\t\t\t\t<span itemprop='logo' itemscope itemtype='http:\/\/schema.org\/ImageObject'>\n\t\t\t\t   <span itemprop='url'>https:\/\/casa.oaxaca.gob.mx\/wp-content\/uploads\/2021\/03\/LOGO-CASA-01.png<\/span>\n\t\t\t\t <\/span>\n\t\t\t  <\/span><span class='av-structured-data'  itemprop=\"author\" itemscope=\"itemscope\" itemtype=\"https:\/\/schema.org\/Person\" ><span itemprop='name'><\/span><\/span><span class='av-structured-data'  itemprop=\"datePublished\" datetime=\"\" >2026-03-30 12:47:56<\/span><span class='av-structured-data'  itemprop=\"dateModified\" itemtype=\"https:\/\/schema.org\/dateModified\" >2026-04-07 12:48:15<\/span><span class='av-structured-data'  itemprop=\"mainEntityOfPage\" itemtype=\"https:\/\/schema.org\/mainEntityOfPage\" ><span itemprop='name'>Taller presencial. Curadur\u00eda sonora y archivos aurales. Imparte: Guillermo Garc\u00eda P\u00e9rez.<\/span><\/span><\/span><\/article><article class='slide-entry flex_column  post-entry post-entry-18567 slide-entry-overview slide-loop-5 slide-parity-even  av_one_third  real-thumbnail'  itemscope=\"itemscope\" itemtype=\"https:\/\/schema.org\/BlogPosting\" itemprop=\"blogPost\" ><a href='https:\/\/casa.oaxaca.gob.mx\/?p=18567' data-rel='slide-1' class='slide-image' title=''><img loading=\"lazy\" decoding=\"async\" width=\"495\" height=\"400\" src=\"https:\/\/casa.oaxaca.gob.mx\/wp-content\/uploads\/2026\/03\/La_radiografia_como_tecnica_para_el_analisis_de_obra_de_arte_abierta-495x400.jpg\" class=\"attachment-portfolio size-portfolio wp-post-image\" alt=\"\" srcset=\"https:\/\/casa.oaxaca.gob.mx\/wp-content\/uploads\/2026\/03\/La_radiografia_como_tecnica_para_el_analisis_de_obra_de_arte_abierta-495x400.jpg 495w, https:\/\/casa.oaxaca.gob.mx\/wp-content\/uploads\/2026\/03\/La_radiografia_como_tecnica_para_el_analisis_de_obra_de_arte_abierta-845x684.jpg 845w\" sizes=\"auto, (max-width: 495px) 100vw, 495px\" \/><\/a><div class='slide-content'><header class=\"entry-content-header\"><h3 class='slide-entry-title entry-title'  itemprop=\"headline\" ><a href='https:\/\/casa.oaxaca.gob.mx\/?p=18567' title='Taller presencial. La radiograf\u00eda como t\u00e9cnica para el an\u00e1lisis de obra de arte. Imparte: Eumelia Hern\u00e1ndez V\u00e1zquez'>Taller presencial. La radiograf\u00eda como t\u00e9cnica para el an\u00e1lisis de obra de arte. Imparte: Eumelia Hern\u00e1ndez V\u00e1zquez<\/a><\/h3><span class=\"av-vertical-delimiter\"><\/span><\/header><\/div><footer class=\"entry-footer\"><\/footer><span class='hidden'>\n\t\t\t<span class='av-structured-data'  itemscope=\"itemscope\" itemtype=\"https:\/\/schema.org\/ImageObject\"  itemprop='image'>\n\t\t\t\t\t   <span itemprop='url' >https:\/\/casa.oaxaca.gob.mx\/wp-content\/uploads\/2026\/03\/La_radiografia_como_tecnica_para_el_analisis_de_obra_de_arte_abierta.jpg<\/span>\n\t\t\t\t\t   <span itemprop='height' >1315<\/span>\n\t\t\t\t\t   <span itemprop='width' >1917<\/span>\n\t\t\t\t  <\/span><span class='av-structured-data'  itemprop=\"publisher\" itemtype=\"https:\/\/schema.org\/Organization\" itemscope=\"itemscope\" >\n\t\t\t\t<span itemprop='name'><\/span>\n\t\t\t\t<span itemprop='logo' itemscope itemtype='http:\/\/schema.org\/ImageObject'>\n\t\t\t\t   <span itemprop='url'>https:\/\/casa.oaxaca.gob.mx\/wp-content\/uploads\/2021\/03\/LOGO-CASA-01.png<\/span>\n\t\t\t\t <\/span>\n\t\t\t  <\/span><span class='av-structured-data'  itemprop=\"author\" itemscope=\"itemscope\" itemtype=\"https:\/\/schema.org\/Person\" ><span itemprop='name'><\/span><\/span><span class='av-structured-data'  itemprop=\"datePublished\" datetime=\"\" >2026-03-30 12:43:35<\/span><span class='av-structured-data'  itemprop=\"dateModified\" itemtype=\"https:\/\/schema.org\/dateModified\" >2026-04-07 12:48:15<\/span><span class='av-structured-data'  itemprop=\"mainEntityOfPage\" itemtype=\"https:\/\/schema.org\/mainEntityOfPage\" ><span itemprop='name'>Taller presencial. La radiograf\u00eda como t\u00e9cnica para el an\u00e1lisis de obra de arte. Imparte: Eumelia Hern\u00e1ndez V\u00e1zquez<\/span><\/span><\/span><\/article><article class='slide-entry flex_column  post-entry post-entry-18560 slide-entry-overview slide-loop-6 slide-parity-odd  av_one_third  real-thumbnail'  itemscope=\"itemscope\" itemtype=\"https:\/\/schema.org\/BlogPosting\" itemprop=\"blogPost\" ><a href='https:\/\/casa.oaxaca.gob.mx\/?p=18560' data-rel='slide-1' class='slide-image' title=''><img loading=\"lazy\" decoding=\"async\" width=\"495\" height=\"400\" src=\"https:\/\/casa.oaxaca.gob.mx\/wp-content\/uploads\/2026\/03\/La-curaduria-como-intervencion-abierta-495x400.jpg\" class=\"attachment-portfolio size-portfolio wp-post-image\" alt=\"\" srcset=\"https:\/\/casa.oaxaca.gob.mx\/wp-content\/uploads\/2026\/03\/La-curaduria-como-intervencion-abierta-495x400.jpg 495w, https:\/\/casa.oaxaca.gob.mx\/wp-content\/uploads\/2026\/03\/La-curaduria-como-intervencion-abierta-845x684.jpg 845w\" sizes=\"auto, (max-width: 495px) 100vw, 495px\" \/><\/a><div class='slide-content'><header class=\"entry-content-header\"><h3 class='slide-entry-title entry-title'  itemprop=\"headline\" ><a href='https:\/\/casa.oaxaca.gob.mx\/?p=18560' title='Ciclo de conferencias presenciales. La curadur\u00eda como intervenci\u00f3n. Una trayectoria curatorial en cuatro cap\u00edtulos. Imparte: Dr. Cuauht\u00e9moc Medina Gonz\u00e1lez.'>Ciclo de conferencias presenciales. La curadur\u00eda como intervenci\u00f3n. Una trayectoria curatorial en cuatro cap\u00edtulos. Imparte: Dr. Cuauht\u00e9moc Medina Gonz\u00e1lez.<\/a><\/h3><span class=\"av-vertical-delimiter\"><\/span><\/header><\/div><footer class=\"entry-footer\"><\/footer><span class='hidden'>\n\t\t\t<span class='av-structured-data'  itemscope=\"itemscope\" itemtype=\"https:\/\/schema.org\/ImageObject\"  itemprop='image'>\n\t\t\t\t\t   <span itemprop='url' >https:\/\/casa.oaxaca.gob.mx\/wp-content\/uploads\/2026\/03\/La-curaduria-como-intervencion-abierta.jpg<\/span>\n\t\t\t\t\t   <span itemprop='height' >1315<\/span>\n\t\t\t\t\t   <span itemprop='width' >1917<\/span>\n\t\t\t\t  <\/span><span class='av-structured-data'  itemprop=\"publisher\" itemtype=\"https:\/\/schema.org\/Organization\" itemscope=\"itemscope\" >\n\t\t\t\t<span itemprop='name'><\/span>\n\t\t\t\t<span itemprop='logo' itemscope itemtype='http:\/\/schema.org\/ImageObject'>\n\t\t\t\t   <span itemprop='url'>https:\/\/casa.oaxaca.gob.mx\/wp-content\/uploads\/2021\/03\/LOGO-CASA-01.png<\/span>\n\t\t\t\t <\/span>\n\t\t\t  <\/span><span class='av-structured-data'  itemprop=\"author\" itemscope=\"itemscope\" itemtype=\"https:\/\/schema.org\/Person\" ><span itemprop='name'><\/span><\/span><span class='av-structured-data'  itemprop=\"datePublished\" datetime=\"\" >2026-03-27 13:52:00<\/span><span class='av-structured-data'  itemprop=\"dateModified\" itemtype=\"https:\/\/schema.org\/dateModified\" >2026-04-07 12:48:15<\/span><span class='av-structured-data'  itemprop=\"mainEntityOfPage\" itemtype=\"https:\/\/schema.org\/mainEntityOfPage\" ><span itemprop='name'>Ciclo de conferencias presenciales. La curadur\u00eda como intervenci\u00f3n. Una trayectoria curatorial en cuatro cap\u00edtulos. Imparte: Dr. Cuauht\u00e9moc Medina Gonz\u00e1lez.<\/span><\/span><\/span><\/article><\/div><div class='slide-entry-wrap'><article class='slide-entry flex_column  post-entry post-entry-18536 slide-entry-overview slide-loop-7 slide-parity-odd  post-entry-last  av_one_third first real-thumbnail'  itemscope=\"itemscope\" itemtype=\"https:\/\/schema.org\/BlogPosting\" itemprop=\"blogPost\" ><a href='https:\/\/casa.oaxaca.gob.mx\/?p=18536' data-rel='slide-1' class='slide-image' title=''><img loading=\"lazy\" decoding=\"async\" width=\"495\" height=\"400\" src=\"https:\/\/casa.oaxaca.gob.mx\/wp-content\/uploads\/2026\/03\/Soberanias-entre-parentesis-abierta-495x400.jpg\" class=\"attachment-portfolio size-portfolio wp-post-image\" alt=\"\" srcset=\"https:\/\/casa.oaxaca.gob.mx\/wp-content\/uploads\/2026\/03\/Soberanias-entre-parentesis-abierta-495x400.jpg 495w, https:\/\/casa.oaxaca.gob.mx\/wp-content\/uploads\/2026\/03\/Soberanias-entre-parentesis-abierta-845x684.jpg 845w\" sizes=\"auto, (max-width: 495px) 100vw, 495px\" \/><\/a><div class='slide-content'><header class=\"entry-content-header\"><h3 class='slide-entry-title entry-title'  itemprop=\"headline\" ><a href='https:\/\/casa.oaxaca.gob.mx\/?p=18536' title='Taller presencial. Soberan\u00edas entre par\u00e9ntesis. Territorio y espacio en pr\u00e1cticas curatoriales contempor\u00e1neas. Imparte: Julio Garc\u00eda Murillo.'>Taller presencial. Soberan\u00edas entre par\u00e9ntesis. Territorio y espacio en pr\u00e1cticas curatoriales contempor\u00e1neas. Imparte: Julio Garc\u00eda Murillo.<\/a><\/h3><span class=\"av-vertical-delimiter\"><\/span><\/header><div class='slide-meta'><div class='slide-meta-comments'><a href='https:\/\/casa.oaxaca.gob.mx\/?p=18536#respond'>0 Comments<\/a><\/div><div class='slide-meta-del'>\/<\/div><time class='slide-meta-time updated'  itemprop=\"datePublished\" datetime=\"\" ><\/time><\/div><div class='slide-entry-excerpt entry-content'  itemprop=\"text\" >\r\n\r\n\r\n\r\n\r\n\r\n<\/div><\/div><footer class=\"entry-footer\"><\/footer><span class='hidden'>\n\t\t\t<span class='av-structured-data'  itemscope=\"itemscope\" itemtype=\"https:\/\/schema.org\/ImageObject\"  itemprop='image'>\n\t\t\t\t\t   <span itemprop='url' >https:\/\/casa.oaxaca.gob.mx\/wp-content\/uploads\/2026\/03\/Soberanias-entre-parentesis-abierta.jpg<\/span>\n\t\t\t\t\t   <span itemprop='height' >1315<\/span>\n\t\t\t\t\t   <span itemprop='width' >1917<\/span>\n\t\t\t\t  <\/span><span class='av-structured-data'  itemprop=\"publisher\" itemtype=\"https:\/\/schema.org\/Organization\" itemscope=\"itemscope\" >\n\t\t\t\t<span itemprop='name'><\/span>\n\t\t\t\t<span itemprop='logo' itemscope itemtype='http:\/\/schema.org\/ImageObject'>\n\t\t\t\t   <span itemprop='url'>https:\/\/casa.oaxaca.gob.mx\/wp-content\/uploads\/2021\/03\/LOGO-CASA-01.png<\/span>\n\t\t\t\t <\/span>\n\t\t\t  <\/span><span class='av-structured-data'  itemprop=\"author\" itemscope=\"itemscope\" itemtype=\"https:\/\/schema.org\/Person\" ><span itemprop='name'><\/span><\/span><span class='av-structured-data'  itemprop=\"datePublished\" datetime=\"\" >2026-03-27 13:05:38<\/span><span class='av-structured-data'  itemprop=\"dateModified\" itemtype=\"https:\/\/schema.org\/dateModified\" >2026-04-07 12:47:37<\/span><span class='av-structured-data'  itemprop=\"mainEntityOfPage\" itemtype=\"https:\/\/schema.org\/mainEntityOfPage\" ><span itemprop='name'>Taller presencial. Soberan\u00edas entre par\u00e9ntesis. Territorio y espacio en pr\u00e1cticas curatoriales contempor\u00e1neas. Imparte: Julio Garc\u00eda Murillo.<\/span><\/span><\/span><\/article><\/div><\/div><\/div><\/p>\n","protected":false},"excerpt":{"rendered":"","protected":false},"author":1,"featured_media":0,"parent":0,"menu_order":0,"comment_status":"closed","ping_status":"closed","template":"","meta":{"_exactmetrics_skip_tracking":false,"_exactmetrics_sitenote_active":false,"_exactmetrics_sitenote_note":"","_exactmetrics_sitenote_category":0,"footnotes":""},"class_list":["post-18603","page","type-page","status-publish","hentry"],"_links":{"self":[{"href":"https:\/\/casa.oaxaca.gob.mx\/index.php?rest_route=\/wp\/v2\/pages\/18603","targetHints":{"allow":["GET"]}}],"collection":[{"href":"https:\/\/casa.oaxaca.gob.mx\/index.php?rest_route=\/wp\/v2\/pages"}],"about":[{"href":"https:\/\/casa.oaxaca.gob.mx\/index.php?rest_route=\/wp\/v2\/types\/page"}],"author":[{"embeddable":true,"href":"https:\/\/casa.oaxaca.gob.mx\/index.php?rest_route=\/wp\/v2\/users\/1"}],"replies":[{"embeddable":true,"href":"https:\/\/casa.oaxaca.gob.mx\/index.php?rest_route=%2Fwp%2Fv2%2Fcomments&post=18603"}],"version-history":[{"count":3,"href":"https:\/\/casa.oaxaca.gob.mx\/index.php?rest_route=\/wp\/v2\/pages\/18603\/revisions"}],"predecessor-version":[{"id":18607,"href":"https:\/\/casa.oaxaca.gob.mx\/index.php?rest_route=\/wp\/v2\/pages\/18603\/revisions\/18607"}],"wp:attachment":[{"href":"https:\/\/casa.oaxaca.gob.mx\/index.php?rest_route=%2Fwp%2Fv2%2Fmedia&parent=18603"}],"curies":[{"name":"wp","href":"https:\/\/api.w.org\/{rel}","templated":true}]}}