{"id":18638,"date":"2026-04-15T14:14:00","date_gmt":"2026-04-15T20:14:00","guid":{"rendered":"https:\/\/casa.oaxaca.gob.mx\/?page_id=18638"},"modified":"2026-04-15T16:00:10","modified_gmt":"2026-04-15T22:00:10","slug":"talleres-para-llevar","status":"publish","type":"page","link":"https:\/\/casa.oaxaca.gob.mx\/?page_id=18638","title":{"rendered":"Talleres para llevar"},"content":{"rendered":"<\/div><\/div><\/div><!-- close content main div --><\/div><\/div><div id='av_section_1' class='avia-section main_color avia-section-default avia-no-shadow av-parallax-section av-section-color-overlay-active avia-bg-style-parallax  av-minimum-height av-minimum-height-75 container_wrap fullsize'  data-section-bg-repeat='no-repeat' ><div class='av-parallax' data-avia-parallax-ratio='0.3' ><div class='av-parallax-inner main_color  avia-full-stretch' style = 'background-repeat: no-repeat; background-image: url(https:\/\/casa.oaxaca.gob.mx\/wp-content\/uploads\/2026\/04\/Imagen-1.jpg); background-attachment: scroll; background-position: center center; ' ><\/div><\/div><div class='av-section-color-overlay-wrap'><div class='av-section-color-overlay' style='opacity: 0.2; background-image: url(https:\/\/casa.oaxaca.gob.mx\/wp-content\/themes\/casa-theme\/images\/background-images\/dots-mini-strong.png); background-repeat: repeat;'><\/div><div class='container' ><div class='template-page content  av-content-full alpha units'><div class='post-entry post-entry-type-page post-entry-18638'><div class='entry-content-wrapper clearfix'>\n<\/div><\/div><\/div><!-- close content main div --><\/div><\/div><\/div><div id='av-layout-grid-1' class='av-layout-grid-container entry-content-wrapper main_color av-flex-cells  container_wrap fullsize'   >\n<div class=\"flex_cell no_margin av_one_full   \" style='vertical-align:top; padding:30px; background-color:#3a7a74; '><div class='flex_cell_inner' ><div style='padding-bottom:10px;color:#ffffff;font-size:40px;' class='av-special-heading av-special-heading-h3 custom-color-heading blockquote modern-quote modern-centered   av-inherit-size'><h3 class='av-special-heading-tag'  itemprop=\"headline\"  >TALLERES PARA LLEVAR<\/h3><div class='special-heading-border'><div class='special-heading-inner-border' style='border-color:#ffffff'><\/div><\/div><\/div>\n<\/div><\/div>\n<\/div>\n<div class=\"flex_column av_one_half  flex_column_div av-zero-column-padding first  \" style='border-radius:0px; '><section class=\"av_textblock_section\"  itemscope=\"itemscope\" itemtype=\"https:\/\/schema.org\/CreativeWork\" ><div class='avia_textblock '   itemprop=\"text\" ><p><em>Talleres para llevar<\/em><span style=\"font-weight: 400;\"> es un programa formativo desarrollado en 2025 que propone un modelo innovador para la ense\u00f1anza de las artes en contextos de reinserci\u00f3n social. A trav\u00e9s de una metodolog\u00eda h\u00edbrida, el programa combina contenidos en formato de video tutorial con sesiones en l\u00ednea, permitiendo un acompa\u00f1amiento continuo y adaptado a las condiciones de los centros penitenciarios.<\/span><\/p>\n<p><span style=\"font-weight: 400;\">El programa responde a la necesidad de generar estrategias accesibles y sostenibles que garanticen el acceso a procesos art\u00edsticos de calidad para personas privadas de la libertad. Para ello, cada taller contempla la entrega de kits de materiales, asegurando que las y los participantes puedan desarrollar ejercicios pr\u00e1cticos y fortalecer habilidades t\u00e9cnicas, creativas y expresivas.<\/span><\/p>\n<p><span style=\"font-weight: 400;\">El Centro de las Artes de San Agust\u00edn (CaSa) ha desarrollado, desde 2019, una l\u00ednea de trabajo enfocada en la implementaci\u00f3n de talleres art\u00edsticos en centros de reinserci\u00f3n social, con el objetivo de generar espacios de expresi\u00f3n, aprendizaje y reflexi\u00f3n para personas privadas de la libertad.<\/span><\/p>\n<p><span style=\"font-weight: 400;\">El programa inici\u00f3 de manera presencial con el taller <\/span><i><span style=\"font-weight: 400;\">Laboratorio de escucha, escritura e imagen<\/span><\/i><span style=\"font-weight: 400;\">, impartido por Antoine D\u2019Agata y Tania Bah\u00f3rquez. Como parte de los proyectos desarrollados en los CERESOS, tambi\u00e9n se dise\u00f1\u00f3 una loter\u00eda canera elaborada a partir de grabados realizados por las personas participantes, integrando sus experiencias, narrativas e imaginarios.<\/span><\/p>\n<p><span style=\"font-weight: 400;\">En 2025, las actividades se retomaron de manera virtual en el Centro de Reinserci\u00f3n Social de Juquila, donde se entregaron kits de materiales a los participantes. Paralelamente, se implementaron talleres presenciales en distintos CERESOS del estado de Oaxaca, ampliando el alcance del programa mediante actividades de r\u00f3tulo, bordado, afelpado y tallado en madera. Estas acciones fortalecen los procesos formativos a trav\u00e9s del trabajo manual y el acompa\u00f1amiento directo.<\/span><\/p>\n<p><span style=\"font-weight: 400;\">Para 2026, se contempla la continuidad de los talleres presenciales, as\u00ed como la incorporaci\u00f3n de nuevas actividades en modalidad virtual. En esta etapa se suman instituciones como los centros de arte de Mexicali, Quer\u00e9taro y Campeche, que coordinar\u00e1n la implementaci\u00f3n de talleres en centros de reinserci\u00f3n social en sus respectivos estados. Asimismo, el Centro Nacional de las Artes (CENART) participar\u00e1 mediante la adquisici\u00f3n de kits de materiales, lo que permitir\u00e1 fortalecer las actividades y ampliar su impacto.<\/span><\/p>\n<p><span style=\"font-weight: 400;\">Este programa se consolida como una iniciativa que reconoce el arte como una herramienta de transformaci\u00f3n social, capaz de generar procesos de acompa\u00f1amiento, expresi\u00f3n y construcci\u00f3n colectiva en contextos de reinserci\u00f3n social.<\/span><\/p>\n<\/div><\/section><\/div>\n<div class=\"flex_column av_one_half  flex_column_div av-zero-column-padding   \" style='border-radius:0px; '><div class='avia-gallery avia-gallery-1 avia_lazyload avia_animate_when_visible '  itemscope=\"itemscope\" itemtype=\"https:\/\/schema.org\/ImageObject\" ><a class='avia-gallery-big fakeLightbox lightbox avia-gallery-big-crop-thumb ' href='https:\/\/casa.oaxaca.gob.mx\/wp-content\/uploads\/2026\/04\/Imagen-1-773x1030.jpg'  data-onclick='1' title='' ><span class='avia-gallery-big-inner'  itemprop=\"thumbnailUrl\" >\t<img width='495' height='400' src='https:\/\/casa.oaxaca.gob.mx\/wp-content\/uploads\/2026\/04\/Imagen-1-495x400.jpg' title='Imagen 1' alt='' \/><\/span><\/a><div class='avia-gallery-thumb'> <a href='https:\/\/casa.oaxaca.gob.mx\/wp-content\/uploads\/2026\/04\/Imagen-1-773x1030.jpg' data-rel='gallery-1' data-prev-img='https:\/\/casa.oaxaca.gob.mx\/wp-content\/uploads\/2026\/04\/Imagen-1-495x400.jpg' class='first_thumb lightbox ' data-onclick='1' title=''  itemprop=\"thumbnailUrl\" ><img  src='https:\/\/casa.oaxaca.gob.mx\/wp-content\/uploads\/2026\/04\/Imagen-1-495x400.jpg' width='495' height='400'  title='Imagen 1' alt='' \/><\/a> <a href='https:\/\/casa.oaxaca.gob.mx\/wp-content\/uploads\/2026\/04\/Imagen-2-773x1030.jpg' data-rel='gallery-1' data-prev-img='https:\/\/casa.oaxaca.gob.mx\/wp-content\/uploads\/2026\/04\/Imagen-2-495x400.jpg' class='lightbox ' data-onclick='2' title=''  itemprop=\"thumbnailUrl\" ><img  src='https:\/\/casa.oaxaca.gob.mx\/wp-content\/uploads\/2026\/04\/Imagen-2-495x400.jpg' width='495' height='400'  title='Imagen 2' alt='' \/><\/a> <a href='https:\/\/casa.oaxaca.gob.mx\/wp-content\/uploads\/2026\/04\/Imagen-3-1030x773.jpg' data-rel='gallery-1' data-prev-img='https:\/\/casa.oaxaca.gob.mx\/wp-content\/uploads\/2026\/04\/Imagen-3-495x400.jpg' class='lightbox ' data-onclick='3' title=''  itemprop=\"thumbnailUrl\" ><img  src='https:\/\/casa.oaxaca.gob.mx\/wp-content\/uploads\/2026\/04\/Imagen-3-495x400.jpg' width='495' height='400'  title='Imagen 3' alt='' \/><\/a> <a href='https:\/\/casa.oaxaca.gob.mx\/wp-content\/uploads\/2026\/04\/Imagen-4-1030x1030.jpg' data-rel='gallery-1' data-prev-img='https:\/\/casa.oaxaca.gob.mx\/wp-content\/uploads\/2026\/04\/Imagen-4-495x400.jpg' class='lightbox ' data-onclick='4' title=''  itemprop=\"thumbnailUrl\" ><img  src='https:\/\/casa.oaxaca.gob.mx\/wp-content\/uploads\/2026\/04\/Imagen-4-495x400.jpg' width='495' height='400'  title='Imagen 4' alt='' \/><\/a><\/div><\/div><\/div>\n","protected":false},"excerpt":{"rendered":"","protected":false},"author":1,"featured_media":0,"parent":0,"menu_order":0,"comment_status":"closed","ping_status":"closed","template":"","meta":{"_exactmetrics_skip_tracking":false,"_exactmetrics_sitenote_active":false,"_exactmetrics_sitenote_note":"","_exactmetrics_sitenote_category":0,"footnotes":""},"class_list":["post-18638","page","type-page","status-publish","hentry"],"_links":{"self":[{"href":"https:\/\/casa.oaxaca.gob.mx\/index.php?rest_route=\/wp\/v2\/pages\/18638","targetHints":{"allow":["GET"]}}],"collection":[{"href":"https:\/\/casa.oaxaca.gob.mx\/index.php?rest_route=\/wp\/v2\/pages"}],"about":[{"href":"https:\/\/casa.oaxaca.gob.mx\/index.php?rest_route=\/wp\/v2\/types\/page"}],"author":[{"embeddable":true,"href":"https:\/\/casa.oaxaca.gob.mx\/index.php?rest_route=\/wp\/v2\/users\/1"}],"replies":[{"embeddable":true,"href":"https:\/\/casa.oaxaca.gob.mx\/index.php?rest_route=%2Fwp%2Fv2%2Fcomments&post=18638"}],"version-history":[{"count":6,"href":"https:\/\/casa.oaxaca.gob.mx\/index.php?rest_route=\/wp\/v2\/pages\/18638\/revisions"}],"predecessor-version":[{"id":18651,"href":"https:\/\/casa.oaxaca.gob.mx\/index.php?rest_route=\/wp\/v2\/pages\/18638\/revisions\/18651"}],"wp:attachment":[{"href":"https:\/\/casa.oaxaca.gob.mx\/index.php?rest_route=%2Fwp%2Fv2%2Fmedia&parent=18638"}],"curies":[{"name":"wp","href":"https:\/\/api.w.org\/{rel}","templated":true}]}}