{"id":18796,"date":"2026-04-29T11:48:01","date_gmt":"2026-04-29T17:48:01","guid":{"rendered":"https:\/\/casa.oaxaca.gob.mx\/?page_id=18796"},"modified":"2026-04-29T11:48:01","modified_gmt":"2026-04-29T17:48:01","slug":"armonizacion-contable-2026","status":"publish","type":"page","link":"https:\/\/casa.oaxaca.gob.mx\/?page_id=18796","title":{"rendered":"Armonizaci\u00f3n contable 2026"},"content":{"rendered":"<div style='padding-bottom:21px;font-size:45px;' class='av-special-heading av-special-heading-h3  blockquote modern-quote modern-centered   av-inherit-size'><h3 class='av-special-heading-tag'  itemprop=\"headline\"  >Armonizaci\u00f3n contable<\/h3><div class='special-heading-border'><div class='special-heading-inner-border' ><\/div><\/div><\/div>\n<div class='avia-data-table-wrap avia_responsive_table'><table class='avia-table avia-data-table avia-table-1  avia_pricing_default'  itemscope=\"itemscope\" itemtype=\"https:\/\/schema.org\/Table\" ><tbody><tr class='avia-heading-row'><th class=''>Descripci\u00f3n<\/th><th class='avia-center-col'>PRIMER TRIMESTRE<\/th><th class=''>SEGUNDO TRIMESTRE<\/th><th class=''>TERCER TRIMESTRE<\/th><th class=''>CUARTO TRIMESTRE<\/th><\/tr><tr class=''><td class=''>Estado de Flujo de Efectivo<\/td><td class='avia-center-col'><a href=\"https:\/\/casa.oaxaca.gob.mx\/wp-content\/uploads\/2026\/04\/1.-Estado-de-Flujo.pdf\"><img loading=\"lazy\" decoding=\"async\" src=\"https:\/\/casa.oaxaca.gob.mx\/wp-content\/uploads\/2018\/08\/001-pdf.jpg\" alt=\"\" width=\"40\" height=\"46\" \/><\/a><\/td><td class=''><\/td><td class=''><\/td><td class=''><\/td><\/tr><tr class=''><td class=''>Estado del Ejercicio Presupuestal <\/td><td class='avia-center-col'><a href=\"https:\/\/casa.oaxaca.gob.mx\/wp-content\/uploads\/2026\/04\/2.-Estado-del-Ejercicio-Presupuestal.pdf\"><img loading=\"lazy\" decoding=\"async\" src=\"https:\/\/casa.oaxaca.gob.mx\/wp-content\/uploads\/2018\/08\/001-pdf.jpg\" alt=\"\" width=\"40\" height=\"46\" \/><\/a><\/td><td class=''><\/td><td class=''><\/td><td class=''><\/td><\/tr><tr class=''><td class=''>Indicadores de Gestio\u0301n<\/td><td class='avia-center-col'><a href=\"https:\/\/casa.oaxaca.gob.mx\/wp-content\/uploads\/2026\/04\/3.-Indicadores-de-Gestion.pdf\"><img loading=\"lazy\" decoding=\"async\" src=\"https:\/\/casa.oaxaca.gob.mx\/wp-content\/uploads\/2018\/08\/001-pdf.jpg\" alt=\"\" width=\"40\" height=\"46\" \/><\/a><\/td><td class=''><\/td><td class=''><\/td><td class=''><\/td><\/tr><tr class=''><td class=''>Matriz de Indicadores<\/td><td class='avia-center-col'><a href=\"https:\/\/casa.oaxaca.gob.mx\/wp-content\/uploads\/2026\/04\/4.-Matriz-de-Indicadores.pdf\"><img loading=\"lazy\" decoding=\"async\" src=\"https:\/\/casa.oaxaca.gob.mx\/wp-content\/uploads\/2018\/08\/001-pdf.jpg\" alt=\"\" width=\"40\" height=\"46\" \/><\/a><\/td><td class=''><\/td><td class=''><\/td><td class=''><\/td><\/tr><tr class=''><td class=''>Norma 6 del CONAC<\/td><td class='avia-center-col'><a href=\"https:\/\/casa.oaxaca.gob.mx\/wp-content\/uploads\/2026\/04\/5.-Norma-6-del-CONAC.pdf\"><img loading=\"lazy\" decoding=\"async\" src=\"https:\/\/casa.oaxaca.gob.mx\/wp-content\/uploads\/2018\/08\/001-pdf.jpg\" alt=\"\" width=\"40\" height=\"46\" \/><\/a><\/td><td class=''><\/td><td class=''><\/td><td class=''><\/td><\/tr><tr class=''><td class=''>Notas a los Estados Financieros<\/td><td class='avia-center-col'><a href=\"https:\/\/casa.oaxaca.gob.mx\/wp-content\/uploads\/2026\/04\/6.-Notas-a-los-Estados-Financieros.pdf\"><img loading=\"lazy\" decoding=\"async\" src=\"https:\/\/casa.oaxaca.gob.mx\/wp-content\/uploads\/2018\/08\/001-pdf.jpg\" alt=\"\" width=\"40\" height=\"46\" \/><\/a><\/td><td class=''><\/td><td class=''><\/td><td class=''><\/td><\/tr><tr class=''><td class=''>Presupuesto de Egresos 2025<\/td><td class='avia-center-col'><a href=\"https:\/\/casa.oaxaca.gob.mx\/wp-content\/uploads\/2026\/04\/7.-Reporte-de-Egreso.pdf\"><img loading=\"lazy\" decoding=\"async\" src=\"https:\/\/casa.oaxaca.gob.mx\/wp-content\/uploads\/2018\/08\/001-pdf.jpg\" alt=\"\" width=\"40\" height=\"46\" \/><\/a><\/td><td class=''><\/td><td class=''><\/td><td class=''><\/td><\/tr><tr class=''><td class=''><\/td><td class='avia-center-col'><\/td><td class=''><\/td><td class=''><\/td><td class=''><\/td><\/tr><\/tbody><\/table><\/div><style type='text\/css'>.avia-table-1 td:nth-of-type(1):before { content: 'Descripci\u00f3n'; } .avia-table-1 td:nth-of-type(2):before { content: 'PRIMER TRIMESTRE'; } .avia-table-1 td:nth-of-type(3):before { content: 'SEGUNDO TRIMESTRE'; } .avia-table-1 td:nth-of-type(4):before { content: 'TERCER TRIMESTRE'; } .avia-table-1 td:nth-of-type(5):before { content: 'CUARTO TRIMESTRE'; } <\/style>\n<div style='padding-bottom:21px;font-size:30px;' class='av-special-heading av-special-heading-h3  blockquote modern-quote modern-centered   av-inherit-size'><h3 class='av-special-heading-tag'  itemprop=\"headline\"  >Sistemas de evaluaci\u00f3n<\/h3><div class='special-heading-border'><div class='special-heading-inner-border' ><\/div><\/div><\/div>\n<div class='avia-data-table-wrap avia_responsive_table'><table class='avia-table avia-data-table avia-table-2  avia_pricing_default'  itemscope=\"itemscope\" itemtype=\"https:\/\/schema.org\/Table\" ><tbody><tr class='avia-heading-row'><th class=''>Sistemas de evaluaci\u00f3n<\/th><th class='avia-center-col'>Estatus<\/th><th class='avia-center-col'>Primer Trimestre<\/th><th class=''>Segundo Trimestre<\/th><th class=''>Tercer Trimestre<\/th><th class=''>Cuarto Trimestre<\/th><\/tr><tr class=''><td class=''>1.- Estado de Actividades<\/td><td class='avia-center-col'>Aplica<\/td><td class='avia-center-col'><a href=\"https:\/\/casa.oaxaca.gob.mx\/wp-content\/uploads\/2026\/04\/1.-Estado-de-Actividades.pdf\"><img loading=\"lazy\" decoding=\"async\" src=\"https:\/\/casa.oaxaca.gob.mx\/wp-content\/uploads\/2018\/08\/001-pdf.jpg\" alt=\"\" width=\"40\" height=\"46\" \/><\/a><\/td><td class=''><\/td><td class=''><\/td><td class=''><\/td><\/tr><tr class=''><td class=''>2.-Estado de Situacio\u0301n Financiera<\/td><td class='avia-center-col'>Aplica<\/td><td class='avia-center-col'><a href=\"https:\/\/casa.oaxaca.gob.mx\/wp-content\/uploads\/2026\/04\/2.-Estado-de-Situacion-Financiera.pdf\"><img loading=\"lazy\" decoding=\"async\" src=\"https:\/\/casa.oaxaca.gob.mx\/wp-content\/uploads\/2018\/08\/001-pdf.jpg\" alt=\"\" width=\"40\" height=\"46\" \/><\/a><\/td><td class=''><\/td><td class=''><\/td><td class=''><\/td><\/tr><tr class=''><td class=''>3.-Estado de Variacio\u0301n en la Hacienda Publica<\/td><td class='avia-center-col'>Aplica<\/td><td class='avia-center-col'><a href=\"https:\/\/casa.oaxaca.gob.mx\/wp-content\/uploads\/2026\/04\/3.-Estado-de-Variacion-de-la-Hacienda-Publica.pdf\"><img loading=\"lazy\" decoding=\"async\" src=\"https:\/\/casa.oaxaca.gob.mx\/wp-content\/uploads\/2018\/08\/001-pdf.jpg\" alt=\"\" width=\"40\" height=\"46\" \/><\/a><\/td><td class=''><\/td><td class=''><\/td><td class=''><\/td><\/tr><tr class=''><td class=''>4.-Estado de Cambios en la Situacio\u0301n Financiera<\/td><td class='avia-center-col'>Aplica<\/td><td class='avia-center-col'><a href=\"https:\/\/casa.oaxaca.gob.mx\/wp-content\/uploads\/2026\/04\/4.-Estado-de-Cambios-en-la-Situacion-Financiera-2.pdf\"><img loading=\"lazy\" decoding=\"async\" src=\"https:\/\/casa.oaxaca.gob.mx\/wp-content\/uploads\/2018\/08\/001-pdf.jpg\" alt=\"\" width=\"40\" height=\"46\" \/><\/a><\/td><td class=''><\/td><td class=''><\/td><td class=''><\/td><\/tr><tr class=''><td class=''>5.-Estados de Flujos de Efectivo<\/td><td class='avia-center-col'>Aplica<\/td><td class='avia-center-col'><a href=\"https:\/\/casa.oaxaca.gob.mx\/wp-content\/uploads\/2026\/04\/5.-Estados-de-Flujos-de-Efectivo.pdf\"><img loading=\"lazy\" decoding=\"async\" src=\"https:\/\/casa.oaxaca.gob.mx\/wp-content\/uploads\/2018\/08\/001-pdf.jpg\" alt=\"\" width=\"40\" height=\"46\" \/><\/a><\/td><td class=''><\/td><td class=''><\/td><td class=''><\/td><\/tr><tr class=''><td class=''>6.- Informe Sobre Pasivos Contingentes<\/td><td class='avia-center-col'>No aplica<\/td><td class='avia-center-col'><a href=\"https:\/\/casa.oaxaca.gob.mx\/wp-content\/uploads\/2026\/04\/6.-Informe-Sobre-Pasivos-Contingentes.pdf\"><img loading=\"lazy\" decoding=\"async\" src=\"https:\/\/casa.oaxaca.gob.mx\/wp-content\/uploads\/2018\/08\/001-pdf.jpg\" alt=\"\" width=\"40\" height=\"46\" \/><\/a><\/td><td class=''><\/td><td class=''><\/td><td class=''><\/td><\/tr><tr class=''><td class=''>7.- Notas a los Estados Financieros<\/td><td class='avia-center-col'>Aplica<\/td><td class='avia-center-col'><a href=\"https:\/\/casa.oaxaca.gob.mx\/wp-content\/uploads\/2026\/04\/7.-Notas-a-los-Estados-Financieros.pdf\"><img loading=\"lazy\" decoding=\"async\" src=\"https:\/\/casa.oaxaca.gob.mx\/wp-content\/uploads\/2018\/08\/001-pdf.jpg\" alt=\"\" width=\"40\" height=\"46\" \/><\/a><\/td><td class=''><\/td><td class=''><\/td><td class=''><\/td><\/tr><tr class=''><td class=''>8.- Estado Analitico del Activo<\/td><td class='avia-center-col'>Aplica<\/td><td class='avia-center-col'><a href=\"https:\/\/casa.oaxaca.gob.mx\/wp-content\/uploads\/2026\/04\/8.-Estado-Analitico-del-Activo.pdf\"><img loading=\"lazy\" decoding=\"async\" src=\"https:\/\/casa.oaxaca.gob.mx\/wp-content\/uploads\/2018\/08\/001-pdf.jpg\" alt=\"\" width=\"40\" height=\"46\" \/><\/a><\/td><td class=''><\/td><td class=''><\/td><td class=''><\/td><\/tr><tr class=''><td class=''>9.- Estado Analitico de la Deuda y Otros Pasivos<\/td><td class='avia-center-col'>No aplica<\/td><td class='avia-center-col'><a href=\"https:\/\/casa.oaxaca.gob.mx\/wp-content\/uploads\/2026\/04\/9.-Estado-Analitico-de-la-Deuda-y-Otros-Pasivos.pdf\"><img loading=\"lazy\" decoding=\"async\" src=\"https:\/\/casa.oaxaca.gob.mx\/wp-content\/uploads\/2018\/08\/001-pdf.jpg\" alt=\"\" width=\"40\" height=\"46\" \/><\/a><\/td><td class=''><\/td><td class=''><\/td><td class=''><\/td><\/tr><tr class=''><td class=''>10.- Estado Analitico de Ingresos<\/td><td class='avia-center-col'>Aplica<\/td><td class='avia-center-col'><a href=\"https:\/\/casa.oaxaca.gob.mx\/wp-content\/uploads\/2026\/04\/10.-Estado-Analitico-de-Ingresos.pdf\"><img loading=\"lazy\" decoding=\"async\" src=\"https:\/\/casa.oaxaca.gob.mx\/wp-content\/uploads\/2018\/08\/001-pdf.jpg\" alt=\"\" width=\"40\" height=\"46\" \/><\/a><\/td><td class=''><\/td><td class=''><\/td><td class=''><\/td><\/tr><tr class=''><td class=''>11.-Estado Anal\u00edtico del Presupuesto de Egresos con Clasificaci\u00f3n Administrativa.<\/td><td class='avia-center-col'>Aplica<\/td><td class='avia-center-col'><a href=\"https:\/\/casa.oaxaca.gob.mx\/wp-content\/uploads\/2026\/04\/11.-Estado-Analitico-del-Presupuesto-de-Egresos-con-Clasificacion-Administrativa.pdf\"><img loading=\"lazy\" decoding=\"async\" src=\"https:\/\/casa.oaxaca.gob.mx\/wp-content\/uploads\/2018\/08\/001-pdf.jpg\" alt=\"\" width=\"40\" height=\"46\" \/><\/a><\/td><td class=''><\/td><td class=''><\/td><td class=''><\/td><\/tr><tr class=''><td class=''>12.-Estado Anal\u00edtico del Presupuesto de Egresos con Clasificaci\u00f3n Econ\u00f3mica (por tipo de gasto).<\/td><td class='avia-center-col'>Aplica<\/td><td class='avia-center-col'><a href=\"https:\/\/casa.oaxaca.gob.mx\/wp-content\/uploads\/2026\/04\/12.-Estado-Analitico-del-Presupuesto-de-Egresos-con-Clasificacion-Economica-por-tipo-de-gasto.pdf\"><img loading=\"lazy\" decoding=\"async\" src=\"https:\/\/casa.oaxaca.gob.mx\/wp-content\/uploads\/2018\/08\/001-pdf.jpg\" alt=\"\" width=\"40\" height=\"46\" \/><\/a><\/td><td class=''><\/td><td class=''><\/td><td class=''><\/td><\/tr><tr class=''><td class=''>13.-Estado Anal\u00edtico del Ejercicio de Presupuesto de Egresos por Objeto del Gasto.<\/td><td class='avia-center-col'>Aplica<\/td><td class='avia-center-col'><a href=\"https:\/\/casa.oaxaca.gob.mx\/wp-content\/uploads\/2026\/04\/13.-Estado-Analitico-del-Ejercicio-de-Presupuesto-de-Egresos-por-Objeto-del-Gasto.pdf\"><img loading=\"lazy\" decoding=\"async\" src=\"https:\/\/casa.oaxaca.gob.mx\/wp-content\/uploads\/2018\/08\/001-pdf.jpg\" alt=\"\" width=\"40\" height=\"46\" \/><\/a><\/td><td class=''><\/td><td class=''><\/td><td class=''><\/td><\/tr><tr class=''><td class=''>14.-Estado Anal\u00edtico del Presupuesto de Egresos por Clasificaci\u00f3n funcional<\/td><td class='avia-center-col'>Aplica<\/td><td class='avia-center-col'><a href=\"https:\/\/casa.oaxaca.gob.mx\/wp-content\/uploads\/2026\/04\/14.-Estado-Analitico-del-Presupuesto-de-Egresos-por-Clasificacion-Funcional.pdf\"><img loading=\"lazy\" decoding=\"async\" src=\"https:\/\/casa.oaxaca.gob.mx\/wp-content\/uploads\/2018\/08\/001-pdf.jpg\" alt=\"\" width=\"40\" height=\"46\" \/><\/a><\/td><td class=''><\/td><td class=''><\/td><td class=''><\/td><\/tr><tr class=''><td class=''>15.- Endeudamiento Neto<\/td><td class='avia-center-col'>No Aplica<\/td><td class='avia-center-col'><a href=\"https:\/\/casa.oaxaca.gob.mx\/wp-content\/uploads\/2026\/04\/15.-Endeudamiento-Neto.pdf\"><img loading=\"lazy\" decoding=\"async\" src=\"https:\/\/casa.oaxaca.gob.mx\/wp-content\/uploads\/2018\/08\/001-pdf.jpg\" alt=\"\" width=\"40\" height=\"46\" \/><\/a><\/td><td class=''><\/td><td class=''><\/td><td class=''><\/td><\/tr><tr class=''><td class=''>16.- Intereses de la Deuda<\/td><td class='avia-center-col'>No Aplica<\/td><td class='avia-center-col'><a href=\"https:\/\/casa.oaxaca.gob.mx\/wp-content\/uploads\/2026\/04\/16.-Interes-de-la-Deuda.pdf\"><img loading=\"lazy\" decoding=\"async\" src=\"https:\/\/casa.oaxaca.gob.mx\/wp-content\/uploads\/2018\/08\/001-pdf.jpg\" alt=\"\" width=\"40\" height=\"46\" \/><\/a><\/td><td class=''><\/td><td class=''><\/td><td class=''><\/td><\/tr><tr class=''><td class=''>17.- Gasto por Categoria Programatica<\/td><td class='avia-center-col'>Aplica<\/td><td class='avia-center-col'><a href=\"https:\/\/casa.oaxaca.gob.mx\/wp-content\/uploads\/2026\/04\/17.-Gasto-por-Categoria-Programatico.pdf\"><img loading=\"lazy\" decoding=\"async\" src=\"https:\/\/casa.oaxaca.gob.mx\/wp-content\/uploads\/2018\/08\/001-pdf.jpg\" alt=\"\" width=\"40\" height=\"46\" \/><\/a><\/td><td class=''><\/td><td class=''><\/td><td class=''><\/td><\/tr><tr class=''><td class=''>18.- Programas y Proyectos de Inversio\u0301n<\/td><td class='avia-center-col'>Aplica<\/td><td class='avia-center-col'><a href=\"https:\/\/casa.oaxaca.gob.mx\/wp-content\/uploads\/2026\/04\/18.-Programas-y-Proyectos-de-Inversion.pdf\"><img loading=\"lazy\" decoding=\"async\" src=\"https:\/\/casa.oaxaca.gob.mx\/wp-content\/uploads\/2018\/08\/001-pdf.jpg\" alt=\"\" width=\"40\" height=\"46\" \/><\/a><\/td><td class=''><\/td><td class=''><\/td><td class=''><\/td><\/tr><tr class=''><td class=''>19.- Bienes Muebles<\/td><td class='avia-center-col'>Aplica<\/td><td class='avia-center-col'><a href=\"https:\/\/casa.oaxaca.gob.mx\/wp-content\/uploads\/2026\/04\/19.-Bienes-Muebles.pdf\"><img loading=\"lazy\" decoding=\"async\" src=\"https:\/\/casa.oaxaca.gob.mx\/wp-content\/uploads\/2018\/08\/001-pdf.jpg\" alt=\"\" width=\"40\" height=\"46\" \/><\/a><\/td><td class=''><\/td><td class=''><\/td><td class=''><\/td><\/tr><tr class=''><td class=''>20.- Bienes Inmuebles<\/td><td class='avia-center-col'>Aplica<\/td><td class='avia-center-col'><a href=\"https:\/\/casa.oaxaca.gob.mx\/wp-content\/uploads\/2026\/04\/20.-Bienes-Inmuebles.pdf\"><img loading=\"lazy\" decoding=\"async\" src=\"https:\/\/casa.oaxaca.gob.mx\/wp-content\/uploads\/2018\/08\/001-pdf.jpg\" alt=\"\" width=\"40\" height=\"46\" \/><\/a><\/td><td class=''><\/td><td class=''><\/td><td class=''><\/td><\/tr><tr class=''><td class=''>21.- Cuenta p\u00fablica<\/td><td class='avia-center-col'>Aplica<\/td><td class='avia-center-col'><a href=\"https:\/\/casa.oaxaca.gob.mx\/wp-content\/uploads\/2026\/04\/21.-Cuenta-Publica.pdf\"><img loading=\"lazy\" decoding=\"async\" src=\"https:\/\/casa.oaxaca.gob.mx\/wp-content\/uploads\/2018\/08\/001-pdf.jpg\" alt=\"\" width=\"40\" height=\"46\" \/><\/a><\/td><td class=''><\/td><td class=''><\/td><td class=''><\/td><\/tr><\/tbody><\/table><\/div><style type='text\/css'>.avia-table-2 td:nth-of-type(1):before { content: 'Sistemas de evaluaci\u00f3n'; } .avia-table-2 td:nth-of-type(2):before { content: 'Estatus'; } .avia-table-2 td:nth-of-type(3):before { content: 'Primer Trimestre'; } .avia-table-2 td:nth-of-type(4):before { content: 'Segundo Trimestre'; } .avia-table-2 td:nth-of-type(5):before { content: 'Tercer Trimestre'; } .avia-table-2 td:nth-of-type(6):before { content: 'Cuarto Trimestre'; } <\/style>\n","protected":false},"excerpt":{"rendered":"","protected":false},"author":1,"featured_media":0,"parent":0,"menu_order":0,"comment_status":"closed","ping_status":"closed","template":"","meta":{"_exactmetrics_skip_tracking":false,"_exactmetrics_sitenote_active":false,"_exactmetrics_sitenote_note":"","_exactmetrics_sitenote_category":0,"footnotes":""},"class_list":["post-18796","page","type-page","status-publish","hentry"],"_links":{"self":[{"href":"https:\/\/casa.oaxaca.gob.mx\/index.php?rest_route=\/wp\/v2\/pages\/18796","targetHints":{"allow":["GET"]}}],"collection":[{"href":"https:\/\/casa.oaxaca.gob.mx\/index.php?rest_route=\/wp\/v2\/pages"}],"about":[{"href":"https:\/\/casa.oaxaca.gob.mx\/index.php?rest_route=\/wp\/v2\/types\/page"}],"author":[{"embeddable":true,"href":"https:\/\/casa.oaxaca.gob.mx\/index.php?rest_route=\/wp\/v2\/users\/1"}],"replies":[{"embeddable":true,"href":"https:\/\/casa.oaxaca.gob.mx\/index.php?rest_route=%2Fwp%2Fv2%2Fcomments&post=18796"}],"version-history":[{"count":4,"href":"https:\/\/casa.oaxaca.gob.mx\/index.php?rest_route=\/wp\/v2\/pages\/18796\/revisions"}],"predecessor-version":[{"id":18828,"href":"https:\/\/casa.oaxaca.gob.mx\/index.php?rest_route=\/wp\/v2\/pages\/18796\/revisions\/18828"}],"wp:attachment":[{"href":"https:\/\/casa.oaxaca.gob.mx\/index.php?rest_route=%2Fwp%2Fv2%2Fmedia&parent=18796"}],"curies":[{"name":"wp","href":"https:\/\/api.w.org\/{rel}","templated":true}]}}