{"id":7216,"date":"2019-09-12T12:09:09","date_gmt":"2019-09-12T17:09:09","guid":{"rendered":"https:\/\/casa.oaxaca.gob.mx\/?page_id=7216"},"modified":"2025-03-04T12:20:18","modified_gmt":"2025-03-04T18:20:18","slug":"directorio","status":"publish","type":"page","link":"https:\/\/casa.oaxaca.gob.mx\/?page_id=7216","title":{"rendered":"DIRECTORIO"},"content":{"rendered":"<div data-dtype=\"d3ph\" data-ved=\"0ahUKEwjCodfuxP7SAhUprVQKHUrSDJgQ8I0BCK4BKAAwGA\">\n<div class=\"page\" title=\"Page 1\">\n<div class=\"layoutArea\">\n<div class=\"column\">\n<p><strong>Directorio de mandos medios y superiores<br \/>\n<\/strong><\/p>\n<p>Daniel Efren Brena Wilson<br \/>\nDirector general del Centro de las Artes de San Agust\u00edn<\/p>\n<p>V\u00edctor Mart\u00edn Ram\u00edrez Garc\u00eda<br \/>\nDirector de Formaci\u00f3n Art\u00edstica (ext. 102)<\/p>\n<p>Ariadna Josefina Maldonado Ruiz<br \/>\nDirectora de Producci\u00f3n Art\u00edstica (ext. 104)<\/p>\n<p>Osman Dom\u00ednguez S\u00e1nchez<br \/>\nJefe del Departamento de Actividades Art\u00edsticas (ext. 103)<\/p>\n<p>Ramiro Cruz Hern\u00e1ndez<br \/>\nJefe del Departamento Administrativo (ext. 101)<\/p>\n<p>Gbhiz-Ban Antonio Aquino<br \/>\nJefe del Departamento Jur\u00eddico (ext. 106)<\/p>\n<p>Neftali Adan Garc\u00eda Cisneros<br \/>\nJefe del departamento de planeaci\u00f3n y programaci\u00f3n (ext. 103)<\/p>\n<p>Luz Magally Gij\u00f3n Ballesteros<br \/>\nJefa del Departamento de Vinculaci\u00f3n (ext. 102)<\/p>\n<p>Marcela Nahomy Ortega Ramos<br \/>\nJefa del departamento de realizaci\u00f3n\u00a0(ext. 104)<\/p>\n<p>Alejandra Ascencio Baeza<br \/>\nJefa del Departamento de Promoci\u00f3n y Difusi\u00f3n (ext. 104)<\/p>\n<p>Joaqu\u00edn Juan Ortiz Reyes<br \/>\nJefe de la Unidad de Curadur\u00eda y Mantenimiento (ext. 108)<\/p>\n<\/div>\n<\/div>\n<\/div>\n<\/div>\n","protected":false},"excerpt":{"rendered":"<p>Directorio de mandos medios y superiores Daniel Efren Brena Wilson Director general del Centro de las Artes de San Agust\u00edn V\u00edctor Mart\u00edn Ram\u00edrez Garc\u00eda Director de Formaci\u00f3n Art\u00edstica (ext. 102) [&hellip;]<\/p>\n","protected":false},"author":1,"featured_media":0,"parent":0,"menu_order":0,"comment_status":"closed","ping_status":"closed","template":"","meta":{"_exactmetrics_skip_tracking":false,"_exactmetrics_sitenote_active":false,"_exactmetrics_sitenote_note":"","_exactmetrics_sitenote_category":0,"footnotes":""},"class_list":["post-7216","page","type-page","status-publish","hentry"],"_links":{"self":[{"href":"https:\/\/casa.oaxaca.gob.mx\/index.php?rest_route=\/wp\/v2\/pages\/7216","targetHints":{"allow":["GET"]}}],"collection":[{"href":"https:\/\/casa.oaxaca.gob.mx\/index.php?rest_route=\/wp\/v2\/pages"}],"about":[{"href":"https:\/\/casa.oaxaca.gob.mx\/index.php?rest_route=\/wp\/v2\/types\/page"}],"author":[{"embeddable":true,"href":"https:\/\/casa.oaxaca.gob.mx\/index.php?rest_route=\/wp\/v2\/users\/1"}],"replies":[{"embeddable":true,"href":"https:\/\/casa.oaxaca.gob.mx\/index.php?rest_route=%2Fwp%2Fv2%2Fcomments&post=7216"}],"version-history":[{"count":15,"href":"https:\/\/casa.oaxaca.gob.mx\/index.php?rest_route=\/wp\/v2\/pages\/7216\/revisions"}],"predecessor-version":[{"id":15487,"href":"https:\/\/casa.oaxaca.gob.mx\/index.php?rest_route=\/wp\/v2\/pages\/7216\/revisions\/15487"}],"wp:attachment":[{"href":"https:\/\/casa.oaxaca.gob.mx\/index.php?rest_route=%2Fwp%2Fv2%2Fmedia&parent=7216"}],"curies":[{"name":"wp","href":"https:\/\/api.w.org\/{rel}","templated":true}]}}