{"id":8801,"date":"2020-04-29T11:29:03","date_gmt":"2020-04-29T16:29:03","guid":{"rendered":"https:\/\/casa.oaxaca.gob.mx\/?page_id=8801"},"modified":"2020-04-29T11:45:41","modified_gmt":"2020-04-29T16:45:41","slug":"aviso-de-privacidad","status":"publish","type":"page","link":"https:\/\/casa.oaxaca.gob.mx\/?page_id=8801","title":{"rendered":"Aviso de privacidad"},"content":{"rendered":"<p><b>AVISO DE PRIVACIDAD SIMPLIFICADO&nbsp;<\/b><\/p>\n<p>El Centro de las Artes de San Agust\u00edn, con domicilio en Independencia Sin n\u00famero, Soledad Vista Hermosa, San Agust\u00edn, Etla, Oaxaca, es el Responsable del tratamiento de los datos personales que usted proporcione; los cuales ser\u00e1n protegidos conforme a lo dispuesto por Ley General de Protecci\u00f3n de Datos Personales en posesi\u00f3n de Sujetos Obligados y la Ley de Datos Personales en Posesi\u00f3n de Sujetos Obligados del Estado de Oaxaca y dem\u00e1s normatividad aplicable.<\/p>\n<p>Sus datos personales ser\u00e1n utilizados para cualquiera de las siguientes finalidades:<\/p>\n<p>\u00b7Contrataci\u00f3n de personal.<br \/>\n\u00b7 Elaboraci\u00f3n de n\u00f3mina e incidencia de trabajadores.<br \/>\n\u00b7 Reporte de deducciones y percepciones de asalariados.<br \/>\n\u00b7 Registro de alumnos inscritos en cada uno de los talleres.<br \/>\n\u00b7 Listas de Asistencias.<br \/>\n\u00b7 Promoci\u00f3n de Actividades art\u00edsticas y culturales que organiza la Instituci\u00f3n.<\/p>\n<p>\u00b7 Tr\u00e1mite a solicitudes de informaci\u00f3n que recibe la Unidad de Transparencia.<\/p>\n<p>\u00b7 Agenda Laboral del Director.<br \/>\n\u00b7 Directorio de maestros y artistas.<br \/>\n\u00b7Documentaci\u00f3n de la firma de actas, convenios y contratos.<\/p>\n<p>Sus datos personales no podr\u00e1n ser difundidos sin su consentimiento expreso, salvo las excepciones previstas por la Ley en la materia.<\/p>\n<p>El fundamento para el tratamiento de los datos personales son los art\u00edculos 16,17, 18, 25 y 26 de la Ley General de Protecci\u00f3n de Datos Personales en Posesi\u00f3n de Sujetos Obligados; 09, 10, 11, 14 y 19 de la Ley de Protecci\u00f3n de Datos Personales en Posesi\u00f3n de Sujetos Obligados del Estado de Oaxaca.<\/p>\n<p>Usted, como titular de los datos personales podr\u00e1 ejercer los derechos de acceso, rectificaci\u00f3n, cancelaci\u00f3n y oposici\u00f3n de sus datos personales ante la Unidad de Transparencia ubicada en las oficinas administrativas del Centro de las Artes de San Agust\u00edn ubicadas en Independencia Sin n\u00famero, Soledad Vista Hermosa, San Agust\u00edn, Etla, Oaxaca, C.P. 68247, tel\u00e9fono (951) 52 12574, 52 13042, 52 13043 EXT. 101 por escrito libre.<\/p>\n<p>La negativa del uso de sus datos personales para estas finalidades no podr\u00e1 ser un motivo para que le neguemos los servicios que solicita con nosotros.<\/p>\n<p><b>AVISO DE PRIVACIDAD INTEGRAL&nbsp;<\/b><\/p>\n<p>El Centro de las Artes de San Agust\u00edn, con domicilio en Independencia Sin n\u00famero, Soledad Vista Hermosa, San Agust\u00edn, Etla, Oaxaca, es el Responsable del tratamiento de los datos personales que usted proporcione; los cuales ser\u00e1n protegidos conforme a lo dispuesto por Lay General de Protecci\u00f3n de Datos Personales en posesi\u00f3n de Sujetos Obligados y la Ley de Datos Personales en Posesi\u00f3n de Sujetos Obligados del Estado de Oaxaca y dem\u00e1s normatividad que resulte aplicable.<\/p>\n<p>\u00bfQu\u00e9 datos personales se recaban y para que finalidad?<\/p>\n<p>Los datos personales que usted proporcione ser\u00e1n utilizados para las siguientes finalidades: Contrataci\u00f3n de personal, elaboraci\u00f3n de la n\u00f3mina e incidencias de los trabajadores de la Instituci\u00f3n, dar a conocer ante el S.A.T. las deducciones y percepciones de las personas asalariadas adscritas a la Instituci\u00f3n; control y resguardo de los datos de los alumnos inscritos en cada uno de los cursos, talleres o diplomados que se imparten en la Instituci\u00f3n; creaci\u00f3n de listas de asistencia a los diversos talleres, diplomados y cursos; promoci\u00f3n de actividades art\u00edsticas y culturales que organiza la Instituci\u00f3n, tr\u00e1mite a las solicitudes de informaci\u00f3n que se reciben en la Unidad de Transparencia del Centro de las Artes de San Agust\u00edn, Agenda Laboral del Director, Directorio de maestros y artistas; as\u00ed como para documentar la firma de actas, convenios y contratos; para dar tr\u00e1mite a su queja y\/o denuncia por incumplimiento contra los servidores p\u00fablicos del Centro de las Artes de San Agust\u00edn.<\/p>\n<p>Para las finalidades anteriores se solicitar\u00e1n los siguientes datos:<\/p>\n<p>\u00b7 Contrataci\u00f3n de personal: Acta de Nacimiento, Certificado m\u00e9dico, credencial para votar, constancia de no inhabilitaci\u00f3n, curr\u00edculum vitae.<\/p>\n<p>\u00b7&nbsp; Elaboraci\u00f3n de n\u00f3mina e incidencia de trabajadores: Nombre, RFC, CURP, n\u00famero de seguridad social, nivel del trabajador, percepciones.<\/p>\n<p>\u00b7 Reporte de deducciones y percepciones de asalariados: Nombre, RFC, CURP, monto.<\/p>\n<p>\u00b7&nbsp; Registro de alumnos inscritos en cada uno de los talleres, diplomados y cursos: Nombre completo, CURP, credencial para votar, domicilio, n\u00famero telef\u00f3nico, Tipo de sangre, alergias o enfermedades, ocupaci\u00f3n, escolaridad, Nombre del Responsable.<\/p>\n<p>\u00b7&nbsp; Listas de Asistencias: Nombre del alumno y Taller, Diplomado o Curso asignado.<br \/>\n\u00b7&nbsp; Promoci\u00f3n de Actividades art\u00edsticas y culturales que organiza la Instituci\u00f3n: Agenda con nombres, n\u00fameros de<\/p>\n<p>tel\u00e9fono y correos electr\u00f3nicos de maestros y artistas.<\/p>\n<p>\u00b7&nbsp; Tr\u00e1mite a solicitudes de informaci\u00f3n que recibe la Unidad de Transparencia: Nombre de quien env\u00eda solicitud, nombres, tel\u00e9fonos y correos electr\u00f3nicos de quienes se ha solicitado informaci\u00f3n.<\/p>\n<p>\u00b7&nbsp; Agenda Laboral del Director: Nombres y N\u00fameros Telef\u00f3nicos.<br \/>\n\u00b7&nbsp; Documentaci\u00f3n de la firma de actas, convenios y contratos: Domicilio particular, correo electr\u00f3nico y n\u00famero<\/p>\n<p>telef\u00f3nico particular para la localizaci\u00f3n del suscribiente de un acta, convenio o contrato.<\/p>\n<p>Fundamento para el tratamiento de datos personales<\/p>\n<p>El fundamento para el tratamiento de los datos personales son los art\u00edculos 16, 17, 18, 25 y 26 de la Ley General de Protecci\u00f3n de Datos Personales en Posesi\u00f3n de Sujetos Obligados; 09, 10, 11, 14 y 19 de la Ley de Protecci\u00f3n de Datos Personales en Posesi\u00f3n de Sujetos Obligados del Estado de Oaxaca.<\/p>\n<p>Transferencia de datos personales<\/p>\n<p>No se realizar\u00e1n transferencias adicionales, salvo que sean necesarias para atender requerimientos de informaci\u00f3n de una autoridad competente, que est\u00e9n debidamente fundados y motivados.<\/p>\n<p>Usted como titular de los datos personales podr\u00e1 ejercer los derechos de acceso, rectificaci\u00f3n, cancelaci\u00f3n y oposici\u00f3n de sus datos personales ante la Unidad de Transparencia ubicada en las oficinas administrativas del Centro de las Artes de San Agust\u00edn ubicadas en Independencia Sin n\u00famero, Soledad Vista Hermosa, San Agust\u00edn, Etla, Oaxaca por escrito libre.<\/p>\n","protected":false},"excerpt":{"rendered":"<p>AVISO DE PRIVACIDAD SIMPLIFICADO&nbsp; El Centro de las Artes de San Agust\u00edn, con domicilio en Independencia Sin n\u00famero, Soledad Vista Hermosa, San Agust\u00edn, Etla, Oaxaca, es el Responsable del tratamiento [&hellip;]<\/p>\n","protected":false},"author":1,"featured_media":0,"parent":0,"menu_order":0,"comment_status":"closed","ping_status":"closed","template":"","meta":{"_exactmetrics_skip_tracking":false,"_exactmetrics_sitenote_active":false,"_exactmetrics_sitenote_note":"","_exactmetrics_sitenote_category":0,"footnotes":""},"class_list":["post-8801","page","type-page","status-publish","hentry"],"_links":{"self":[{"href":"https:\/\/casa.oaxaca.gob.mx\/index.php?rest_route=\/wp\/v2\/pages\/8801","targetHints":{"allow":["GET"]}}],"collection":[{"href":"https:\/\/casa.oaxaca.gob.mx\/index.php?rest_route=\/wp\/v2\/pages"}],"about":[{"href":"https:\/\/casa.oaxaca.gob.mx\/index.php?rest_route=\/wp\/v2\/types\/page"}],"author":[{"embeddable":true,"href":"https:\/\/casa.oaxaca.gob.mx\/index.php?rest_route=\/wp\/v2\/users\/1"}],"replies":[{"embeddable":true,"href":"https:\/\/casa.oaxaca.gob.mx\/index.php?rest_route=%2Fwp%2Fv2%2Fcomments&post=8801"}],"version-history":[{"count":2,"href":"https:\/\/casa.oaxaca.gob.mx\/index.php?rest_route=\/wp\/v2\/pages\/8801\/revisions"}],"predecessor-version":[{"id":8803,"href":"https:\/\/casa.oaxaca.gob.mx\/index.php?rest_route=\/wp\/v2\/pages\/8801\/revisions\/8803"}],"wp:attachment":[{"href":"https:\/\/casa.oaxaca.gob.mx\/index.php?rest_route=%2Fwp%2Fv2%2Fmedia&parent=8801"}],"curies":[{"name":"wp","href":"https:\/\/api.w.org\/{rel}","templated":true}]}}